{"id":11697,"date":"2023-06-26T16:12:33","date_gmt":"2023-06-26T16:12:33","guid":{"rendered":"https:\/\/segmentagroup.com\/?page_id=11697"},"modified":"2023-06-26T16:26:03","modified_gmt":"2023-06-26T16:26:03","slug":"politica-de-seguridad","status":"publish","type":"page","link":"https:\/\/segmentagroup.com\/en\/politica-de-seguridad\/","title":{"rendered":"Pol\u00edtica de seguridad"},"content":{"rendered":"<div data-elementor-type=\"wp-page\" data-elementor-id=\"11697\" class=\"elementor elementor-11697\" data-elementor-post-type=\"page\">\n\t\t\t\t\t\t<section class=\"elementor-section elementor-top-section elementor-element elementor-element-d5de1cf elementor-section-height-min-height elementor-section-full_width elementor-hidden-mobile elementor-hidden-tablet elementor-section-height-default elementor-section-items-middle elementor-invisible\" data-id=\"d5de1cf\" data-element_type=\"section\" data-e-type=\"section\" data-settings=\"{&quot;background_background&quot;:&quot;classic&quot;,&quot;animation&quot;:&quot;fadeIn&quot;}\">\n\t\t\t\t\t\t<div class=\"elementor-container elementor-column-gap-default\">\n\t\t\t\t\t<div class=\"elementor-column elementor-col-100 elementor-top-column elementor-element elementor-element-9baa430\" data-id=\"9baa430\" data-element_type=\"column\" data-e-type=\"column\">\n\t\t\t<div class=\"elementor-widget-wrap elementor-element-populated\">\n\t\t\t\t\t\t<section class=\"elementor-section elementor-inner-section elementor-element elementor-element-03683c9 elementor-section-boxed elementor-section-height-default elementor-section-height-default\" data-id=\"03683c9\" data-element_type=\"section\" data-e-type=\"section\">\n\t\t\t\t\t\t<div class=\"elementor-container elementor-column-gap-default\">\n\t\t\t\t\t<div class=\"elementor-column elementor-col-50 elementor-inner-column elementor-element elementor-element-b44b185\" data-id=\"b44b185\" data-element_type=\"column\" data-e-type=\"column\">\n\t\t\t<div class=\"elementor-widget-wrap elementor-element-populated\">\n\t\t\t\t\t\t<div class=\"elementor-element elementor-element-6c86466 elementor-widget elementor-widget-heading\" data-id=\"6c86466\" data-element_type=\"widget\" data-e-type=\"widget\" data-widget_type=\"heading.default\">\n\t\t\t\t<div class=\"elementor-widget-container\">\n\t\t\t\t\t<h2 class=\"elementor-heading-title elementor-size-default\">Privacy <br>de seguridad<\/h2>\t\t\t\t<\/div>\n\t\t\t\t<\/div>\n\t\t\t\t\t<\/div>\n\t\t<\/div>\n\t\t\t\t<div class=\"elementor-column elementor-col-50 elementor-inner-column elementor-element elementor-element-13df941\" data-id=\"13df941\" data-element_type=\"column\" data-e-type=\"column\">\n\t\t\t<div class=\"elementor-widget-wrap\">\n\t\t\t\t\t\t\t<\/div>\n\t\t<\/div>\n\t\t\t\t\t<\/div>\n\t\t<\/section>\n\t\t\t\t\t<\/div>\n\t\t<\/div>\n\t\t\t\t\t<\/div>\n\t\t<\/section>\n\t\t\t\t<section class=\"elementor-section elementor-top-section elementor-element elementor-element-79a85d8 elementor-section-boxed elementor-section-height-default elementor-section-height-default\" data-id=\"79a85d8\" data-element_type=\"section\" data-e-type=\"section\">\n\t\t\t\t\t\t<div class=\"elementor-container elementor-column-gap-default\">\n\t\t\t\t\t<div class=\"elementor-column elementor-col-100 elementor-top-column elementor-element elementor-element-ca614de\" data-id=\"ca614de\" data-element_type=\"column\" data-e-type=\"column\">\n\t\t\t<div class=\"elementor-widget-wrap elementor-element-populated\">\n\t\t\t\t\t\t<div class=\"elementor-element elementor-element-e58336b elementor-widget elementor-widget-text-editor\" data-id=\"e58336b\" data-element_type=\"widget\" data-e-type=\"widget\" data-widget_type=\"text-editor.default\">\n\t\t\t\t<div class=\"elementor-widget-container\">\n\t\t\t\t\t\t\t\t\t<p>La Alta Direcci\u00f3n de Grupo Segmenta define la siguiente pol\u00edtica de seguridad de la informaci\u00f3n, misma es comunicada, entendida y aplicada por todos miembros activos de la organizaci\u00f3n La direcci\u00f3n de Grupo Segmenta, entendiendo la importancia de una adecuada gesti\u00f3n de la informaci\u00f3n, misma que reconoce como parte fundamental de los servicios de estudios de investigaci\u00f3n e inteligencia de mercado que ofrece, se ha comprometido con la implementaci\u00f3n de un Sistema de Gesti\u00f3n Integral buscando establecer un marco de confianza en el ejercicio de sus deberes. Grupo Segmenta, est\u00e1 comprometido con la protecci\u00f3n de la informaci\u00f3n a trav\u00e9s de la identificaci\u00f3n de los riesgos a los que se encuentran expuestos los activos que tratan, procesan y almacenan informaci\u00f3n, evaluando las opciones m\u00e1s eficaces considerando la experiencia y aportaci\u00f3n de todo su personal en materia de seguridad para as\u00ed garantizar la gesti\u00f3n oportuna de los mismos. Grupo Segmenta, toma como base los principios de confidencialidad, integridad y disponibilidad de la informaci\u00f3n para prevenir y evitar la destrucci\u00f3n, divulgaci\u00f3n, modificaci\u00f3n, utilizaci\u00f3n no autorizada y la identificaci\u00f3n de posibles cambios en los niveles de protecci\u00f3n, con los servicios ofrecidos, clientes y partes interesadas. Grupo Segmenta ha decidido definir, implementar, operar y mejorar de forma continua un Sistema de Gesti\u00f3n Integral, soportado en lineamientos claros, alineados a las necesidades del negocio, teniendo como referencia las normas y legislaciones aplicables.<\/p>\t\t\t\t\t\t\t\t<\/div>\n\t\t\t\t<\/div>\n\t\t\t\t\t<\/div>\n\t\t<\/div>\n\t\t\t\t\t<\/div>\n\t\t<\/section>\n\t\t\t\t<\/div>","protected":false},"excerpt":{"rendered":"<p>Pol\u00edtica de seguridad La Alta Direcci\u00f3n de Grupo Segmenta define la siguiente pol\u00edtica de seguridad de la informaci\u00f3n, misma es comunicada, entendida y aplicada por todos miembros activos de la organizaci\u00f3n La direcci\u00f3n de Grupo Segmenta, entendiendo la importancia de una adecuada gesti\u00f3n de la informaci\u00f3n, misma que reconoce como parte fundamental de los servicios [&hellip;]<\/p>","protected":false},"author":1,"featured_media":0,"parent":0,"menu_order":0,"comment_status":"closed","ping_status":"closed","template":"","meta":{"ocean_post_layout":"full-screen","ocean_both_sidebars_style":"","ocean_both_sidebars_content_width":0,"ocean_both_sidebars_sidebars_width":0,"ocean_sidebar":"0","ocean_second_sidebar":"0","ocean_disable_margins":"enable","ocean_add_body_class":"","ocean_shortcode_before_top_bar":"","ocean_shortcode_after_top_bar":"","ocean_shortcode_before_header":"","ocean_shortcode_after_header":"","ocean_has_shortcode":"","ocean_shortcode_after_title":"","ocean_shortcode_before_footer_widgets":"","ocean_shortcode_after_footer_widgets":"","ocean_shortcode_before_footer_bottom":"","ocean_shortcode_after_footer_bottom":"","ocean_display_top_bar":"off","ocean_display_header":"default","ocean_header_style":"","ocean_center_header_left_menu":"0","ocean_custom_header_template":"0","ocean_custom_logo":0,"ocean_custom_retina_logo":0,"ocean_custom_logo_max_width":0,"ocean_custom_logo_tablet_max_width":0,"ocean_custom_logo_mobile_max_width":0,"ocean_custom_logo_max_height":0,"ocean_custom_logo_tablet_max_height":0,"ocean_custom_logo_mobile_max_height":0,"ocean_header_custom_menu":"0","ocean_menu_typo_font_family":"0","ocean_menu_typo_font_subset":"","ocean_menu_typo_font_size":0,"ocean_menu_typo_font_size_tablet":0,"ocean_menu_typo_font_size_mobile":0,"ocean_menu_typo_font_size_unit":"px","ocean_menu_typo_font_weight":"","ocean_menu_typo_font_weight_tablet":"","ocean_menu_typo_font_weight_mobile":"","ocean_menu_typo_transform":"","ocean_menu_typo_transform_tablet":"","ocean_menu_typo_transform_mobile":"","ocean_menu_typo_line_height":0,"ocean_menu_typo_line_height_tablet":0,"ocean_menu_typo_line_height_mobile":0,"ocean_menu_typo_line_height_unit":"","ocean_menu_typo_spacing":0,"ocean_menu_typo_spacing_tablet":0,"ocean_menu_typo_spacing_mobile":0,"ocean_menu_typo_spacing_unit":"","ocean_menu_link_color":"","ocean_menu_link_color_hover":"","ocean_menu_link_color_active":"","ocean_menu_link_background":"","ocean_menu_link_hover_background":"","ocean_menu_link_active_background":"","ocean_menu_social_links_bg":"","ocean_menu_social_hover_links_bg":"","ocean_menu_social_links_color":"","ocean_menu_social_hover_links_color":"","ocean_disable_title":"on","ocean_disable_heading":"default","ocean_post_title":"","ocean_post_subheading":"","ocean_post_title_style":"","ocean_post_title_background_color":"","ocean_post_title_background":0,"ocean_post_title_bg_image_position":"","ocean_post_title_bg_image_attachment":"","ocean_post_title_bg_image_repeat":"","ocean_post_title_bg_image_size":"","ocean_post_title_height":0,"ocean_post_title_bg_overlay":0.5,"ocean_post_title_bg_overlay_color":"","ocean_disable_breadcrumbs":"default","ocean_breadcrumbs_color":"","ocean_breadcrumbs_separator_color":"","ocean_breadcrumbs_links_color":"","ocean_breadcrumbs_links_hover_color":"","ocean_display_footer_widgets":"default","ocean_display_footer_bottom":"default","ocean_custom_footer_template":"0","footnotes":""},"class_list":["post-11697","page","type-page","status-publish","hentry","entry"],"aioseo_notices":[],"_links":{"self":[{"href":"https:\/\/segmentagroup.com\/en\/wp-json\/wp\/v2\/pages\/11697","targetHints":{"allow":["GET"]}}],"collection":[{"href":"https:\/\/segmentagroup.com\/en\/wp-json\/wp\/v2\/pages"}],"about":[{"href":"https:\/\/segmentagroup.com\/en\/wp-json\/wp\/v2\/types\/page"}],"author":[{"embeddable":true,"href":"https:\/\/segmentagroup.com\/en\/wp-json\/wp\/v2\/users\/1"}],"replies":[{"embeddable":true,"href":"https:\/\/segmentagroup.com\/en\/wp-json\/wp\/v2\/comments?post=11697"}],"version-history":[{"count":6,"href":"https:\/\/segmentagroup.com\/en\/wp-json\/wp\/v2\/pages\/11697\/revisions"}],"predecessor-version":[{"id":11706,"href":"https:\/\/segmentagroup.com\/en\/wp-json\/wp\/v2\/pages\/11697\/revisions\/11706"}],"wp:attachment":[{"href":"https:\/\/segmentagroup.com\/en\/wp-json\/wp\/v2\/media?parent=11697"}],"curies":[{"name":"wp","href":"https:\/\/api.w.org\/{rel}","templated":true}]}}